{"id":8,"date":"2023-01-18T12:24:11","date_gmt":"2023-01-18T12:24:11","guid":{"rendered":"http:\/\/www.hierrosjivic.es\/?page_id=8"},"modified":"2023-01-18T22:04:00","modified_gmt":"2023-01-18T22:04:00","slug":"contact","status":"publish","type":"page","link":"http:\/\/www.hierrosjivic.es\/?page_id=8","title":{"rendered":"Contacto"},"content":{"rendered":"\n<p style=\"font-size:25px;font-style:normal;font-weight:800\">Almacen de Hierros Jivic<\/p>\n\n\n\n<p style=\"font-size:25px;font-style:normal;font-weight:800\">Mallas , Corrugados,Perfiles Estructurales,<\/p>\n\n\n\n<p style=\"font-size:25px;font-style:normal;font-weight:800\">Paneles de Cubierta y todo tipo de Remateria<\/p>\n\n\n\n<figure class=\"wp-block-gallery has-nested-images columns-default is-cropped wp-block-gallery-1 is-layout-flex wp-block-gallery-is-layout-flex\">\n<figure class=\"wp-block-image size-large\"><a href=\"https:\/\/goo.gl\/maps\/uaYk9qSVmYkYFrvp7\"><img loading=\"lazy\" decoding=\"async\" width=\"856\" height=\"638\" data-id=\"106\" src=\"http:\/\/www.hierrosjivic.es\/wp-content\/uploads\/2023\/01\/DONDE-ESTAMOS.jpg\" alt=\"\" class=\"wp-image-106\" srcset=\"http:\/\/www.hierrosjivic.es\/wp-content\/uploads\/2023\/01\/DONDE-ESTAMOS.jpg 856w, http:\/\/www.hierrosjivic.es\/wp-content\/uploads\/2023\/01\/DONDE-ESTAMOS-300x224.jpg 300w, http:\/\/www.hierrosjivic.es\/wp-content\/uploads\/2023\/01\/DONDE-ESTAMOS-768x572.jpg 768w\" sizes=\"auto, (max-width: 856px) 100vw, 856px\" \/><\/a><\/figure>\n<\/figure>\n\n\n\n<p class=\"has-text-align-center has-medium-font-size\">Pol\u00edgono Los Cuatro \u00c1lamos, <\/p>\n\n\n\n<p class=\"has-text-align-center has-medium-font-size\">23300 Villacarrillo, (Ja\u00e9n) <\/p>\n\n\n\n<p class=\"has-text-align-center has-medium-font-size\">Tel\u00e9fonos: <\/p>\n\n\n\n<p class=\"has-text-align-center has-medium-font-size\">669 29 56 00 &#8211; 647 90 16 86<\/p>\n\n\n\n<p><\/p>\n\n\n\n<figure class=\"wp-block-gallery has-nested-images columns-default is-cropped wp-block-gallery-2 is-layout-flex wp-block-gallery-is-layout-flex\">\n<figure class=\"wp-block-image size-large\"><img loading=\"lazy\" decoding=\"async\" width=\"1152\" height=\"768\" data-id=\"51\" src=\"http:\/\/www.hierrosjivic.es\/wp-content\/uploads\/2023\/01\/WhatsApp-Image-2020-12-01-at-13.08.47.jpeg\" alt=\"\" class=\"wp-image-51\" srcset=\"http:\/\/www.hierrosjivic.es\/wp-content\/uploads\/2023\/01\/WhatsApp-Image-2020-12-01-at-13.08.47.jpeg 1152w, http:\/\/www.hierrosjivic.es\/wp-content\/uploads\/2023\/01\/WhatsApp-Image-2020-12-01-at-13.08.47-300x200.jpeg 300w, http:\/\/www.hierrosjivic.es\/wp-content\/uploads\/2023\/01\/WhatsApp-Image-2020-12-01-at-13.08.47-1024x683.jpeg 1024w, http:\/\/www.hierrosjivic.es\/wp-content\/uploads\/2023\/01\/WhatsApp-Image-2020-12-01-at-13.08.47-768x512.jpeg 768w\" sizes=\"auto, (max-width: 1152px) 100vw, 1152px\" \/><\/figure>\n\n\n\n<figure class=\"wp-block-image size-large\"><img loading=\"lazy\" decoding=\"async\" width=\"1600\" height=\"1102\" data-id=\"50\" src=\"http:\/\/www.hierrosjivic.es\/wp-content\/uploads\/2023\/01\/WhatsApp-Image-2020-12-01-at-13.08.47-1.jpeg\" alt=\"\" class=\"wp-image-50\" srcset=\"http:\/\/www.hierrosjivic.es\/wp-content\/uploads\/2023\/01\/WhatsApp-Image-2020-12-01-at-13.08.47-1.jpeg 1600w, http:\/\/www.hierrosjivic.es\/wp-content\/uploads\/2023\/01\/WhatsApp-Image-2020-12-01-at-13.08.47-1-300x207.jpeg 300w, http:\/\/www.hierrosjivic.es\/wp-content\/uploads\/2023\/01\/WhatsApp-Image-2020-12-01-at-13.08.47-1-1024x705.jpeg 1024w, http:\/\/www.hierrosjivic.es\/wp-content\/uploads\/2023\/01\/WhatsApp-Image-2020-12-01-at-13.08.47-1-768x529.jpeg 768w, http:\/\/www.hierrosjivic.es\/wp-content\/uploads\/2023\/01\/WhatsApp-Image-2020-12-01-at-13.08.47-1-1536x1058.jpeg 1536w\" sizes=\"auto, (max-width: 1600px) 100vw, 1600px\" \/><\/figure>\n\n\n\n<figure class=\"wp-block-image size-large\"><img loading=\"lazy\" decoding=\"async\" width=\"1600\" height=\"1102\" data-id=\"88\" src=\"http:\/\/www.hierrosjivic.es\/wp-content\/uploads\/2023\/01\/WhatsApp-Image-2020-12-01-at-13.08.47-1-2.jpeg\" alt=\"\" class=\"wp-image-88\" srcset=\"http:\/\/www.hierrosjivic.es\/wp-content\/uploads\/2023\/01\/WhatsApp-Image-2020-12-01-at-13.08.47-1-2.jpeg 1600w, http:\/\/www.hierrosjivic.es\/wp-content\/uploads\/2023\/01\/WhatsApp-Image-2020-12-01-at-13.08.47-1-2-300x207.jpeg 300w, http:\/\/www.hierrosjivic.es\/wp-content\/uploads\/2023\/01\/WhatsApp-Image-2020-12-01-at-13.08.47-1-2-1024x705.jpeg 1024w, http:\/\/www.hierrosjivic.es\/wp-content\/uploads\/2023\/01\/WhatsApp-Image-2020-12-01-at-13.08.47-1-2-768x529.jpeg 768w, http:\/\/www.hierrosjivic.es\/wp-content\/uploads\/2023\/01\/WhatsApp-Image-2020-12-01-at-13.08.47-1-2-1536x1058.jpeg 1536w\" sizes=\"auto, (max-width: 1600px) 100vw, 1600px\" \/><\/figure>\n\n\n\n<figure class=\"wp-block-image size-large\"><img loading=\"lazy\" decoding=\"async\" width=\"1152\" height=\"768\" data-id=\"77\" src=\"http:\/\/www.hierrosjivic.es\/wp-content\/uploads\/2023\/01\/WhatsApp-Image-2020-12-01-at-13.08.47-2.jpeg\" alt=\"\" class=\"wp-image-77\" srcset=\"http:\/\/www.hierrosjivic.es\/wp-content\/uploads\/2023\/01\/WhatsApp-Image-2020-12-01-at-13.08.47-2.jpeg 1152w, http:\/\/www.hierrosjivic.es\/wp-content\/uploads\/2023\/01\/WhatsApp-Image-2020-12-01-at-13.08.47-2-300x200.jpeg 300w, http:\/\/www.hierrosjivic.es\/wp-content\/uploads\/2023\/01\/WhatsApp-Image-2020-12-01-at-13.08.47-2-1024x683.jpeg 1024w, http:\/\/www.hierrosjivic.es\/wp-content\/uploads\/2023\/01\/WhatsApp-Image-2020-12-01-at-13.08.47-2-768x512.jpeg 768w\" sizes=\"auto, (max-width: 1152px) 100vw, 1152px\" \/><\/figure>\n\n\n\n<figure class=\"wp-block-image size-large\"><img loading=\"lazy\" decoding=\"async\" width=\"1152\" height=\"768\" data-id=\"76\" src=\"http:\/\/www.hierrosjivic.es\/wp-content\/uploads\/2023\/01\/WhatsApp-Image-2020-12-01-at-13.08.46.jpeg\" alt=\"\" class=\"wp-image-76\" srcset=\"http:\/\/www.hierrosjivic.es\/wp-content\/uploads\/2023\/01\/WhatsApp-Image-2020-12-01-at-13.08.46.jpeg 1152w, http:\/\/www.hierrosjivic.es\/wp-content\/uploads\/2023\/01\/WhatsApp-Image-2020-12-01-at-13.08.46-300x200.jpeg 300w, http:\/\/www.hierrosjivic.es\/wp-content\/uploads\/2023\/01\/WhatsApp-Image-2020-12-01-at-13.08.46-1024x683.jpeg 1024w, http:\/\/www.hierrosjivic.es\/wp-content\/uploads\/2023\/01\/WhatsApp-Image-2020-12-01-at-13.08.46-768x512.jpeg 768w\" sizes=\"auto, (max-width: 1152px) 100vw, 1152px\" \/><\/figure>\n<\/figure>\n\n\n<div class=\"wp-block-calendar\"><table id=\"wp-calendar\" class=\"wp-calendar-table\">\n\t<caption>May 2026<\/caption>\n\t<thead>\n\t<tr>\n\t\t<th scope=\"col\" aria-label=\"Monday\">M<\/th>\n\t\t<th scope=\"col\" aria-label=\"Tuesday\">T<\/th>\n\t\t<th scope=\"col\" aria-label=\"Wednesday\">W<\/th>\n\t\t<th scope=\"col\" aria-label=\"Thursday\">T<\/th>\n\t\t<th scope=\"col\" aria-label=\"Friday\">F<\/th>\n\t\t<th scope=\"col\" aria-label=\"Saturday\">S<\/th>\n\t\t<th scope=\"col\" aria-label=\"Sunday\">S<\/th>\n\t<\/tr>\n\t<\/thead>\n\t<tbody>\n\t<tr>\n\t\t<td colspan=\"4\" class=\"pad\">&nbsp;<\/td><td>1<\/td><td>2<\/td><td>3<\/td>\n\t<\/tr>\n\t<tr>\n\t\t<td>4<\/td><td>5<\/td><td>6<\/td><td>7<\/td><td>8<\/td><td>9<\/td><td>10<\/td>\n\t<\/tr>\n\t<tr>\n\t\t<td>11<\/td><td>12<\/td><td>13<\/td><td>14<\/td><td id=\"today\">15<\/td><td>16<\/td><td>17<\/td>\n\t<\/tr>\n\t<tr>\n\t\t<td>18<\/td><td>19<\/td><td>20<\/td><td>21<\/td><td>22<\/td><td>23<\/td><td>24<\/td>\n\t<\/tr>\n\t<tr>\n\t\t<td>25<\/td><td>26<\/td><td>27<\/td><td>28<\/td><td>29<\/td><td>30<\/td><td>31<\/td>\n\t<\/tr>\n\t<\/tbody>\n\t<\/table><nav aria-label=\"Previous and next months\" class=\"wp-calendar-nav\">\n\t\t<span class=\"wp-calendar-nav-prev\"><a href=\"http:\/\/www.hierrosjivic.es\/?m=202301\">&laquo; Jan<\/a><\/span>\n\t\t<span class=\"pad\">&nbsp;<\/span>\n\t\t<span class=\"wp-calendar-nav-next\">&nbsp;<\/span>\n\t<\/nav><\/div>","protected":false},"excerpt":{"rendered":"<p>Almacen de Hierros Jivic Mallas , Corrugados,Perfiles Estructurales, Paneles de Cubierta y todo tipo de Remateria Pol\u00edgono Los Cuatro \u00c1lamos, 23300 Villacarrillo, (Ja\u00e9n) Tel\u00e9fonos: 669 29 56 00 &#8211; 647 90 16 86<\/p>\n","protected":false},"author":1,"featured_media":0,"parent":0,"menu_order":0,"comment_status":"closed","ping_status":"closed","template":"","meta":{"footnotes":""},"class_list":["post-8","page","type-page","status-publish","hentry"],"_links":{"self":[{"href":"http:\/\/www.hierrosjivic.es\/index.php?rest_route=\/wp\/v2\/pages\/8","targetHints":{"allow":["GET"]}}],"collection":[{"href":"http:\/\/www.hierrosjivic.es\/index.php?rest_route=\/wp\/v2\/pages"}],"about":[{"href":"http:\/\/www.hierrosjivic.es\/index.php?rest_route=\/wp\/v2\/types\/page"}],"author":[{"embeddable":true,"href":"http:\/\/www.hierrosjivic.es\/index.php?rest_route=\/wp\/v2\/users\/1"}],"replies":[{"embeddable":true,"href":"http:\/\/www.hierrosjivic.es\/index.php?rest_route=%2Fwp%2Fv2%2Fcomments&post=8"}],"version-history":[{"count":16,"href":"http:\/\/www.hierrosjivic.es\/index.php?rest_route=\/wp\/v2\/pages\/8\/revisions"}],"predecessor-version":[{"id":114,"href":"http:\/\/www.hierrosjivic.es\/index.php?rest_route=\/wp\/v2\/pages\/8\/revisions\/114"}],"wp:attachment":[{"href":"http:\/\/www.hierrosjivic.es\/index.php?rest_route=%2Fwp%2Fv2%2Fmedia&parent=8"}],"curies":[{"name":"wp","href":"https:\/\/api.w.org\/{rel}","templated":true}]}}