{"id":7,"date":"2023-01-18T12:24:11","date_gmt":"2023-01-18T12:24:11","guid":{"rendered":"http:\/\/www.hierrosjivic.es\/?page_id=7"},"modified":"2023-01-18T22:02:01","modified_gmt":"2023-01-18T22:02:01","slug":"acerca-de","status":"publish","type":"page","link":"http:\/\/www.hierrosjivic.es\/?page_id=7","title":{"rendered":"Acerca de"},"content":{"rendered":"\n<p><strong>\u00bfQUI\u00c9NES SOMOS?<\/strong><\/p>\n\n\n\n<p>Hierros Jivic somos una empresa joven, fundada en 2007, que se halla en continuo crecimiento. Creada por dos hermanos: Luis Javier Jim\u00e9nez Vicente y Juan Ram\u00f3n Jim\u00e9nez Vicente, profesionales del sector del hierro y la ferralla con una trayectoria de varios a\u00f1os. Con la motivaci\u00f3n y la ilusi\u00f3n de ser empresarios, decidimos emprender este dif\u00edcil camino.<\/p>\n\n\n\n<h2 class=\"wp-block-heading\">OBJETIVO<\/h2>\n\n\n\n<p>Nuestro objetivo es dar al cliente el mejor servicio y satisfacer sus necesidades, ofrecer la mayor oferta de productos, incidiendo especialmente en la calidad de los materiales y acabados.&nbsp;Gracias a nuestro conocimiento, trato personalizado y dedicaci\u00f3n conseguimos alcanzar nuestro principal objetivo: la satisfacci\u00f3n de nuestra clientela.<\/p>\n\n\n\n<figure class=\"wp-block-gallery has-nested-images columns-default is-cropped wp-block-gallery-1 is-layout-flex wp-block-gallery-is-layout-flex\">\n<figure class=\"wp-block-image size-large\"><img loading=\"lazy\" decoding=\"async\" width=\"1600\" height=\"1102\" data-id=\"88\" src=\"http:\/\/www.hierrosjivic.es\/wp-content\/uploads\/2023\/01\/WhatsApp-Image-2020-12-01-at-13.08.47-1-2.jpeg\" alt=\"\" class=\"wp-image-88\" srcset=\"http:\/\/www.hierrosjivic.es\/wp-content\/uploads\/2023\/01\/WhatsApp-Image-2020-12-01-at-13.08.47-1-2.jpeg 1600w, http:\/\/www.hierrosjivic.es\/wp-content\/uploads\/2023\/01\/WhatsApp-Image-2020-12-01-at-13.08.47-1-2-300x207.jpeg 300w, http:\/\/www.hierrosjivic.es\/wp-content\/uploads\/2023\/01\/WhatsApp-Image-2020-12-01-at-13.08.47-1-2-1024x705.jpeg 1024w, http:\/\/www.hierrosjivic.es\/wp-content\/uploads\/2023\/01\/WhatsApp-Image-2020-12-01-at-13.08.47-1-2-768x529.jpeg 768w, http:\/\/www.hierrosjivic.es\/wp-content\/uploads\/2023\/01\/WhatsApp-Image-2020-12-01-at-13.08.47-1-2-1536x1058.jpeg 1536w\" sizes=\"auto, (max-width: 1600px) 100vw, 1600px\" \/><\/figure>\n\n\n\n<figure class=\"wp-block-image size-large\"><img loading=\"lazy\" decoding=\"async\" width=\"1152\" height=\"768\" data-id=\"77\" src=\"http:\/\/www.hierrosjivic.es\/wp-content\/uploads\/2023\/01\/WhatsApp-Image-2020-12-01-at-13.08.47-2.jpeg\" alt=\"\" class=\"wp-image-77\" srcset=\"http:\/\/www.hierrosjivic.es\/wp-content\/uploads\/2023\/01\/WhatsApp-Image-2020-12-01-at-13.08.47-2.jpeg 1152w, http:\/\/www.hierrosjivic.es\/wp-content\/uploads\/2023\/01\/WhatsApp-Image-2020-12-01-at-13.08.47-2-300x200.jpeg 300w, http:\/\/www.hierrosjivic.es\/wp-content\/uploads\/2023\/01\/WhatsApp-Image-2020-12-01-at-13.08.47-2-1024x683.jpeg 1024w, http:\/\/www.hierrosjivic.es\/wp-content\/uploads\/2023\/01\/WhatsApp-Image-2020-12-01-at-13.08.47-2-768x512.jpeg 768w\" sizes=\"auto, (max-width: 1152px) 100vw, 1152px\" \/><\/figure>\n\n\n\n<figure class=\"wp-block-image size-large\"><img loading=\"lazy\" decoding=\"async\" width=\"1152\" height=\"768\" data-id=\"76\" src=\"http:\/\/www.hierrosjivic.es\/wp-content\/uploads\/2023\/01\/WhatsApp-Image-2020-12-01-at-13.08.46.jpeg\" alt=\"\" class=\"wp-image-76\" srcset=\"http:\/\/www.hierrosjivic.es\/wp-content\/uploads\/2023\/01\/WhatsApp-Image-2020-12-01-at-13.08.46.jpeg 1152w, http:\/\/www.hierrosjivic.es\/wp-content\/uploads\/2023\/01\/WhatsApp-Image-2020-12-01-at-13.08.46-300x200.jpeg 300w, http:\/\/www.hierrosjivic.es\/wp-content\/uploads\/2023\/01\/WhatsApp-Image-2020-12-01-at-13.08.46-1024x683.jpeg 1024w, http:\/\/www.hierrosjivic.es\/wp-content\/uploads\/2023\/01\/WhatsApp-Image-2020-12-01-at-13.08.46-768x512.jpeg 768w\" sizes=\"auto, (max-width: 1152px) 100vw, 1152px\" \/><\/figure>\n\n\n\n<figure class=\"wp-block-image size-large\"><img loading=\"lazy\" decoding=\"async\" width=\"1600\" height=\"1102\" data-id=\"50\" src=\"http:\/\/www.hierrosjivic.es\/wp-content\/uploads\/2023\/01\/WhatsApp-Image-2020-12-01-at-13.08.47-1.jpeg\" alt=\"\" class=\"wp-image-50\" srcset=\"http:\/\/www.hierrosjivic.es\/wp-content\/uploads\/2023\/01\/WhatsApp-Image-2020-12-01-at-13.08.47-1.jpeg 1600w, http:\/\/www.hierrosjivic.es\/wp-content\/uploads\/2023\/01\/WhatsApp-Image-2020-12-01-at-13.08.47-1-300x207.jpeg 300w, http:\/\/www.hierrosjivic.es\/wp-content\/uploads\/2023\/01\/WhatsApp-Image-2020-12-01-at-13.08.47-1-1024x705.jpeg 1024w, http:\/\/www.hierrosjivic.es\/wp-content\/uploads\/2023\/01\/WhatsApp-Image-2020-12-01-at-13.08.47-1-768x529.jpeg 768w, http:\/\/www.hierrosjivic.es\/wp-content\/uploads\/2023\/01\/WhatsApp-Image-2020-12-01-at-13.08.47-1-1536x1058.jpeg 1536w\" sizes=\"auto, (max-width: 1600px) 100vw, 1600px\" \/><\/figure>\n<\/figure>\n","protected":false},"excerpt":{"rendered":"<p>\u00bfQUI\u00c9NES SOMOS? Hierros Jivic somos una empresa joven, fundada en 2007, que se halla en continuo crecimiento. Creada por dos hermanos: Luis Javier Jim\u00e9nez Vicente y Juan Ram\u00f3n Jim\u00e9nez Vicente, profesionales del sector del hierro y la ferralla con una trayectoria de varios a\u00f1os. Con la motivaci\u00f3n y la ilusi\u00f3n de ser empresarios, decidimos emprender [&hellip;]<\/p>\n","protected":false},"author":1,"featured_media":0,"parent":0,"menu_order":0,"comment_status":"closed","ping_status":"closed","template":"","meta":{"footnotes":""},"class_list":["post-7","page","type-page","status-publish","hentry"],"_links":{"self":[{"href":"http:\/\/www.hierrosjivic.es\/index.php?rest_route=\/wp\/v2\/pages\/7","targetHints":{"allow":["GET"]}}],"collection":[{"href":"http:\/\/www.hierrosjivic.es\/index.php?rest_route=\/wp\/v2\/pages"}],"about":[{"href":"http:\/\/www.hierrosjivic.es\/index.php?rest_route=\/wp\/v2\/types\/page"}],"author":[{"embeddable":true,"href":"http:\/\/www.hierrosjivic.es\/index.php?rest_route=\/wp\/v2\/users\/1"}],"replies":[{"embeddable":true,"href":"http:\/\/www.hierrosjivic.es\/index.php?rest_route=%2Fwp%2Fv2%2Fcomments&post=7"}],"version-history":[{"count":10,"href":"http:\/\/www.hierrosjivic.es\/index.php?rest_route=\/wp\/v2\/pages\/7\/revisions"}],"predecessor-version":[{"id":112,"href":"http:\/\/www.hierrosjivic.es\/index.php?rest_route=\/wp\/v2\/pages\/7\/revisions\/112"}],"wp:attachment":[{"href":"http:\/\/www.hierrosjivic.es\/index.php?rest_route=%2Fwp%2Fv2%2Fmedia&parent=7"}],"curies":[{"name":"wp","href":"https:\/\/api.w.org\/{rel}","templated":true}]}}